{"id":3,"date":"2020-10-21T14:56:14","date_gmt":"2020-10-21T14:56:14","guid":{"rendered":"https:\/\/boissier-sa.com\/?page_id=3"},"modified":"2024-09-23T14:14:55","modified_gmt":"2024-09-23T13:14:55","slug":"mentions-legales","status":"publish","type":"page","link":"https:\/\/boissier-sa.com\/en\/mentions-legales\/","title":{"rendered":"Legal information"},"content":{"rendered":"<h1 class=\"wp-block-heading\">Presentation<\/h1>\n\n\n\n<p>The website <a href=\"https:\/\/boissier-sa.com\/en\/\">https:\/\/boissier-sa.com<\/a> is owned by Boissier SA, whose contact details are given below:<\/p>\n\n\n\n<p>(+33) 02-38-86-04-30<br>62 Avenue Denis Papin, Zone Industrielle<br>45800, St Jean de Braye<\/p>\n\n\n\n<p>Intellectual property rights are assigned to the company's managing director and publication manager: Mr Olivier Boissier.<\/p>\n\n\n\n<p>The site is managed by <a href=\"https:\/\/www.lrob.fr\/\" target=\"_blank\" rel=\"noreferrer noopener\">Robin Labadie<\/a>.<br>Robin Labadie is self-employed via a sole proprietorship registered with INSEE under SIREN number 528 479 736.<br>Address: 1, rue Pierre Chevaldonn\u00e9, 45000 Orl\u00e9ans<\/p>\n\n\n\n<h1 class=\"wp-block-heading\">Contact<\/h1>\n\n\n\n<p>For all requests relating to the management of the site, its content or your personal data, please use the <a href=\"https:\/\/www.lrob.fr\/contact\/\" target=\"_blank\" rel=\"noopener\">contact form<\/a> from the webmaster. Estimated response time: 24 to 48 hours. Alternatively, you can use the following telephone number during working hours: 06-27-37-44-92.<\/p>\n\n\n\n<p>You can also use the <a href=\"\/en\/nous-contacter\/\" target=\"_blank\" rel=\"noreferrer noopener\">contact form<\/a> of the site.<\/p>\n\n\n\n<p>Although it is highly unlikely, if your request has not been answered within 72 working hours, you can contact the web host mentioned below.<\/p>\n\n\n\n<h1 class=\"wp-block-heading\">Hosting<\/h1>\n\n\n\n<h3 class=\"wp-block-heading\">Host<\/h3>\n\n\n\n<p>The www.boissier-sa.com website is hosted by the company\u00a0<a href=\"https:\/\/www.hetzner.com\/\" target=\"_blank\" rel=\"noreferrer noopener\">Hetzner<\/a>\u00a0on a dedicated server by the company <a href=\"https:\/\/www.lrob.fr\" target=\"_blank\" rel=\"noreferrer noopener\">LRob<\/a>.<\/p>\n\n\n\n<p><strong>Details of the host :<\/strong><\/p>\n\n\n\n<p>Robin Labadie is self-employed via a sole proprietorship registered with INSEE under SIREN number 528 479 736.<br>Address: 1, rue Pierre Chevaldonn\u00e9, 45000 Orl\u00e9ans; tel: 06.27.37.44.92<br>Contact: <a href=\"https:\/\/www.lrob.fr\/contact\/\" target=\"_blank\" rel=\"noreferrer noopener\">https:\/\/www.lrob.fr\/contact\/<\/a><\/p>\n\n\n\n<p><strong>Details of the infrastructure host :<\/strong><\/p>\n\n\n\n<ul class=\"wp-block-list\">\n<li>Service provider in terms of \u00a7 5 TMG (German Telemedia Act):<\/li>\n\n\n\n<li>Hetzner Online GmbH<\/li>\n\n\n\n<li>Industriestr. 25<\/li>\n\n\n\n<li>91710 Gunzenhausen<\/li>\n\n\n\n<li>Germany<\/li>\n<\/ul>\n\n\n\n<ul class=\"wp-block-list\">\n<li>Phone: +49 (0)9831 505-0*<\/li>\n\n\n\n<li>Fax: +49 (0)9831 505-3<\/li>\n\n\n\n<li>E-Mail:\u00a0<a href=\"mailto:info@hetzner.com\">info@hetzner.com<\/a><\/li>\n<\/ul>\n\n\n\n<p><small>* Normal landline telephone charges (No top-up fee)<\/small><\/p>\n\n\n\n<p>CEO: Martin Hetzner, Stephan Konvickova, G\u00fcnther M\u00fcller<\/p>\n\n\n\n<p>Ansbach Registration Office, HRB 6089<\/p>\n\n\n\n<p>VAT Reg. No. DE 812871812<\/p>\n\n\n\n<h1 class=\"wp-block-heading\">Data protection and RGPD<\/h1>\n\n\n\n<p>This site does not allow the registration of new members, does not analyse personal data and does not use trackers or cookies for tracking purposes. Every effort is made to avoid calls to external resources and thus protect your privacy in relation to third parties supplying these resources (images, fonts, CSS style sheets, etc.).<\/p>\n\n\n\n<h4 class=\"wp-block-heading\">Data collected<\/h4>\n\n\n\n<p>The only personal data collected is that which you provide via the site's contact forms:<\/p>\n\n\n\n<ul class=\"wp-block-list\">\n<li>Your identity: Surname\/First name, company<\/li>\n\n\n\n<li>Your contact details: email, telephone<\/li>\n\n\n\n<li>Your specific needs (tick boxes)<\/li>\n\n\n\n<li>Your personal message<\/li>\n<\/ul>\n\n\n\n<p>The collection of this data is necessary in order to respond to your requests relating to this site and to the services provided by Boissier SA.<\/p>\n\n\n\n<p>Technical logs indicating the IP address of visitors and requests made on the site are kept by the host for a period of 1 to 6 months.  <\/p>\n\n\n\n<p>No other personal data is collected or used.<\/p>\n\n\n\n<h3 class=\"wp-block-heading\">Retention period<\/h3>\n\n\n\n<p>Your data will be kept for the duration of your collaboration with the service provider or until you explicitly request it.<\/p>\n\n\n\n<h4 class=\"wp-block-heading\">Confidentiality<\/h4>\n\n\n\n<p>Your personal data provided on this site will not be distributed or communicated to a third party without your knowledge.<\/p>\n\n\n\n<p>The only cases in which your data may be redistributed are the following:<\/p>\n\n\n\n<ul class=\"wp-block-list\">\n<li>You wish to work with one of the service provider's partners and you have given your consent for your details to be passed on.<\/li>\n\n\n\n<li>A court injunction requires you to disclose your contact details to the authorities<\/li>\n<\/ul>\n\n\n\n<h4 class=\"wp-block-heading\">Data security<\/h4>\n\n\n\n<p>Your webmaster <a rel=\"noreferrer noopener\" href=\"http:\/\/lrob.fr\" target=\"_blank\">Robin Labadie<\/a> does its utmost to ensure maximum safety.<\/p>\n\n\n\n<ul class=\"wp-block-list\">\n<li>Visits to and connections to the site are made exclusively via secure SSL\/TLS (HTTPS) connections, thus protecting the information exchanged between you and the server from prying eyes on the network.<\/li>\n\n\n\n<li>Updates, in particular security updates for the server, the site and its modules, are carried out on a daily basis.<\/li>\n\n\n\n<li>A security vulnerability test is carried out on the site every 3 months and a security scan is performed daily.<\/li>\n\n\n\n<li>The server is secured by hardware and software firewalls and various IP filtering and anti-bruteforce protections.<\/li>\n<\/ul>\n\n\n\n<h4 class=\"wp-block-heading\">Newsletters<\/h4>\n\n\n\n<p>Boissier SA does not currently send out newsletters.<\/p>\n\n\n\n<h4 class=\"wp-block-heading\">Right to be forgotten<\/h4>\n\n\n\n<p>You can request the deletion of your data at any time using the contact details given above.<\/p>\n\n\n\n<h4 class=\"wp-block-heading\">Failure to honour commitments<\/h4>\n\n\n\n<p>If, despite all our measures, piracy or a breach of contract should occur :<\/p>\n\n\n\n<ul class=\"wp-block-list\">\n<li>In the event of a data leak, the users concerned will be contacted within 72 hours and services will be suspended until the data is secured.<\/li>\n\n\n\n<li>Any request for compliance will be processed within 72 hours of receipt.<\/li>\n<\/ul>\n\n\n\n<h2 class=\"wp-block-heading\">Credits<\/h2>\n\n\n\n<p><a href=\"https:\/\/www.lrob.fr\" target=\"_blank\" rel=\"noopener\">Robin Labadie, Webmaster<\/a><\/p>","protected":false},"excerpt":{"rendered":"<p>Pr\u00e9sentation Le site internet https:\/\/boissier-sa.com appartient \u00e0 la soci\u00e9t\u00e9 Boissier SA dont voici les coordonn\u00e9es : (+33) 02-38-86-04-3062 Avenue Denis Papin, Zone Industrielle45800, St Jean de Braye La propri\u00e9t\u00e9 intellectuelle est c\u00e9d\u00e9e au g\u00e9rant de l&rsquo;entreprise et responsable de publication : M. Olivier Boissier. Le site est g\u00e9r\u00e9 par Robin Labadie.Robin Labadie exerce en ind\u00e9pendant [&hellip;]<\/p>\n","protected":false},"author":1,"featured_media":0,"parent":0,"menu_order":0,"comment_status":"closed","ping_status":"closed","template":"","meta":{"footnotes":""},"class_list":["post-3","page","type-page","status-publish","hentry"],"_links":{"self":[{"href":"https:\/\/boissier-sa.com\/en\/wp-json\/wp\/v2\/pages\/3","targetHints":{"allow":["GET"]}}],"collection":[{"href":"https:\/\/boissier-sa.com\/en\/wp-json\/wp\/v2\/pages"}],"about":[{"href":"https:\/\/boissier-sa.com\/en\/wp-json\/wp\/v2\/types\/page"}],"author":[{"embeddable":true,"href":"https:\/\/boissier-sa.com\/en\/wp-json\/wp\/v2\/users\/1"}],"replies":[{"embeddable":true,"href":"https:\/\/boissier-sa.com\/en\/wp-json\/wp\/v2\/comments?post=3"}],"version-history":[{"count":2,"href":"https:\/\/boissier-sa.com\/en\/wp-json\/wp\/v2\/pages\/3\/revisions"}],"predecessor-version":[{"id":328,"href":"https:\/\/boissier-sa.com\/en\/wp-json\/wp\/v2\/pages\/3\/revisions\/328"}],"wp:attachment":[{"href":"https:\/\/boissier-sa.com\/en\/wp-json\/wp\/v2\/media?parent=3"}],"curies":[{"name":"wp","href":"https:\/\/api.w.org\/{rel}","templated":true}]}}