{"id":7,"date":"2021-05-08T00:11:04","date_gmt":"2021-05-07T23:11:04","guid":{"rendered":"https:\/\/boissier-sa.com\/?page_id=7"},"modified":"2024-09-23T14:17:06","modified_gmt":"2024-09-23T13:17:06","slug":"accueil","status":"publish","type":"page","link":"https:\/\/boissier-sa.com\/en\/","title":{"rendered":"Industrial Warehousing and Logistics in Saint-Jean de Braye"},"content":{"rendered":"<div class=\"wp-block-group is-layout-flow wp-block-group-is-layout-flow\">\n<div class=\"wp-block-group is-vertical is-layout-flex wp-container-core-group-is-layout-90752e8f wp-block-group-is-layout-flex\">\n<p><strong>Store your goods and develop your industrial projects with peace of mind with Boissier SA<\/strong>Boissier SA, your trusted partner for industrial storage and logistics since 1936. A family business based in St-Jean de Braye, just outside Orl\u00e9ans, Boissier SA provides warehousing solutions tailored to the needs of industrial companies.<\/p>\n\n\n\n<p>Our warehouses are strategically located, offering excellent access to <strong>excellent accessibility for heavy goods vehicles<\/strong>We are also close to a number of industrial centres. Whether you need temporary or long-term storage space, we have the right solution for you.<\/p>\n<\/div>\n<\/div>\n\n\n\n<hr class=\"wp-block-separator has-alpha-channel-opacity\"\/>\n\n\n\n<div class=\"wp-block-columns alignwide is-layout-flex wp-container-core-columns-is-layout-9e31fe54 wp-block-columns-is-layout-flex\" style=\"padding-top:32px;padding-right:32px;padding-bottom:32px;padding-left:32px\">\n<div class=\"wp-block-column is-layout-flow wp-block-column-is-layout-flow\" style=\"flex-basis:33.33%\">\n<h2 class=\"wp-block-heading\">Industrial storage and warehousing<\/h2>\n\n\n\n<p>We offer <strong>industrial space available for rent<\/strong> ranging from 600 to 3000 m\u00b2, with the option of reserving adjoining spaces to meet your company's specific needs. Whether for a short or long period, our spaces can be adapted to your requirements.<\/p>\n\n\n\n<div class=\"wp-block-group is-vertical is-layout-flex wp-container-core-group-is-layout-fe9cc265 wp-block-group-is-layout-flex\">\n<p>Our services include :<\/p>\n\n\n\n<ul class=\"wp-block-list\">\n<li>Rental of <strong>contiguous industrial storage from 600 to 3000m\u00b2.<\/strong><\/li>\n\n\n\n<li><strong>Offices <\/strong>available to accompany your activities on site.<\/li>\n\n\n\n<li>Flexible rental, leasing <strong>short or long term<\/strong>.<\/li>\n<\/ul>\n<\/div>\n<\/div>\n\n\n\n<div class=\"wp-block-column is-layout-flow wp-block-column-is-layout-flow\" style=\"flex-basis:66.66%\">\n<figure class=\"wp-block-gallery alignwide has-nested-images columns-2 is-cropped wp-block-gallery-1 is-layout-flex wp-block-gallery-is-layout-flex\">\n<figure class=\"wp-block-image size-large\"><a href=\"https:\/\/boissier-sa.com\/wp-content\/uploads\/2022\/06\/boissier-1A-preview-interieur-scaled.jpg\"><img loading=\"lazy\" decoding=\"async\" width=\"1920\" height=\"2560\" data-id=\"142\" src=\"https:\/\/boissier-sa.com\/wp-content\/uploads\/2022\/06\/boissier-1A-preview-interieur-scaled.jpg\" alt=\"\" class=\"wp-image-142\" srcset=\"https:\/\/boissier-sa.com\/wp-content\/uploads\/2022\/06\/boissier-1A-preview-interieur-scaled.jpg 1920w, https:\/\/boissier-sa.com\/wp-content\/uploads\/2022\/06\/boissier-1A-preview-interieur-225x300.jpg 225w, https:\/\/boissier-sa.com\/wp-content\/uploads\/2022\/06\/boissier-1A-preview-interieur-768x1024.jpg 768w, https:\/\/boissier-sa.com\/wp-content\/uploads\/2022\/06\/boissier-1A-preview-interieur-1152x1536.jpg 1152w, https:\/\/boissier-sa.com\/wp-content\/uploads\/2022\/06\/boissier-1A-preview-interieur-1536x2048.jpg 1536w, https:\/\/boissier-sa.com\/wp-content\/uploads\/2022\/06\/boissier-1A-preview-interieur-574x765.jpg 574w\" sizes=\"auto, (max-width: 1920px) 100vw, 1920px\" \/><\/a><\/figure>\n\n\n\n<figure class=\"wp-block-image size-large\"><a href=\"https:\/\/boissier-sa.com\/wp-content\/uploads\/2022\/06\/IMG_20220616_144819-scaled.jpg\"><img loading=\"lazy\" decoding=\"async\" width=\"2560\" height=\"1920\" data-id=\"114\" src=\"https:\/\/boissier-sa.com\/wp-content\/uploads\/2022\/06\/IMG_20220616_144819-scaled.jpg\" alt=\"\" class=\"wp-image-114\" srcset=\"https:\/\/boissier-sa.com\/wp-content\/uploads\/2022\/06\/IMG_20220616_144819-scaled.jpg 2560w, https:\/\/boissier-sa.com\/wp-content\/uploads\/2022\/06\/IMG_20220616_144819-300x225.jpg 300w, https:\/\/boissier-sa.com\/wp-content\/uploads\/2022\/06\/IMG_20220616_144819-1024x768.jpg 1024w, https:\/\/boissier-sa.com\/wp-content\/uploads\/2022\/06\/IMG_20220616_144819-768x576.jpg 768w, https:\/\/boissier-sa.com\/wp-content\/uploads\/2022\/06\/IMG_20220616_144819-1536x1152.jpg 1536w, https:\/\/boissier-sa.com\/wp-content\/uploads\/2022\/06\/IMG_20220616_144819-2048x1536.jpg 2048w, https:\/\/boissier-sa.com\/wp-content\/uploads\/2022\/06\/IMG_20220616_144819-1020x765.jpg 1020w\" sizes=\"auto, (max-width: 2560px) 100vw, 2560px\" \/><\/a><\/figure>\n\n\n\n<figure class=\"wp-block-image size-large\"><a href=\"https:\/\/boissier-sa.com\/wp-content\/uploads\/2022\/06\/IMG_20220616_144917-scaled.jpg\"><img loading=\"lazy\" decoding=\"async\" width=\"2560\" height=\"1898\" data-id=\"113\" src=\"https:\/\/boissier-sa.com\/wp-content\/uploads\/2022\/06\/IMG_20220616_144917-scaled.jpg\" alt=\"\" class=\"wp-image-113\" srcset=\"https:\/\/boissier-sa.com\/wp-content\/uploads\/2022\/06\/IMG_20220616_144917-scaled.jpg 2560w, https:\/\/boissier-sa.com\/wp-content\/uploads\/2022\/06\/IMG_20220616_144917-300x222.jpg 300w, https:\/\/boissier-sa.com\/wp-content\/uploads\/2022\/06\/IMG_20220616_144917-1024x759.jpg 1024w, https:\/\/boissier-sa.com\/wp-content\/uploads\/2022\/06\/IMG_20220616_144917-768x569.jpg 768w, https:\/\/boissier-sa.com\/wp-content\/uploads\/2022\/06\/IMG_20220616_144917-1536x1139.jpg 1536w, https:\/\/boissier-sa.com\/wp-content\/uploads\/2022\/06\/IMG_20220616_144917-2048x1518.jpg 2048w, https:\/\/boissier-sa.com\/wp-content\/uploads\/2022\/06\/IMG_20220616_144917-1032x765.jpg 1032w\" sizes=\"auto, (max-width: 2560px) 100vw, 2560px\" \/><\/a><\/figure>\n\n\n\n<figure class=\"wp-block-image size-large\"><a href=\"https:\/\/boissier-sa.com\/wp-content\/uploads\/2022\/06\/boissier-entrepot-example-scaled.jpg\"><img loading=\"lazy\" decoding=\"async\" width=\"2560\" height=\"1898\" data-id=\"158\" src=\"https:\/\/boissier-sa.com\/wp-content\/uploads\/2022\/06\/boissier-entrepot-example-scaled.jpg\" alt=\"\" class=\"wp-image-158\" srcset=\"https:\/\/boissier-sa.com\/wp-content\/uploads\/2022\/06\/boissier-entrepot-example-scaled.jpg 2560w, https:\/\/boissier-sa.com\/wp-content\/uploads\/2022\/06\/boissier-entrepot-example-300x222.jpg 300w, https:\/\/boissier-sa.com\/wp-content\/uploads\/2022\/06\/boissier-entrepot-example-1024x759.jpg 1024w, https:\/\/boissier-sa.com\/wp-content\/uploads\/2022\/06\/boissier-entrepot-example-768x569.jpg 768w, https:\/\/boissier-sa.com\/wp-content\/uploads\/2022\/06\/boissier-entrepot-example-1536x1139.jpg 1536w, https:\/\/boissier-sa.com\/wp-content\/uploads\/2022\/06\/boissier-entrepot-example-2048x1518.jpg 2048w, https:\/\/boissier-sa.com\/wp-content\/uploads\/2022\/06\/boissier-entrepot-example-1032x765.jpg 1032w\" sizes=\"auto, (max-width: 2560px) 100vw, 2560px\" \/><\/a><\/figure>\n<\/figure>\n<\/div>\n<\/div>\n\n\n\n<hr class=\"wp-block-separator has-css-opacity is-style-default\"\/>\n\n\n\n<div class=\"wp-block-columns alignwide is-layout-flex wp-container-core-columns-is-layout-9e31fe54 wp-block-columns-is-layout-flex\" style=\"padding-top:32px;padding-right:32px;padding-bottom:32px;padding-left:32px\">\n<div class=\"wp-block-column is-layout-flow wp-block-column-is-layout-flow\" style=\"flex-basis:33.33%\">\n<h2 class=\"wp-block-heading\">Logistics and Handling Services<\/h2>\n\n\n\n<p>Boissier SA does more than just store goods. We also offer a full range of logistics services to simplify the management of your goods flows. Our services are designed to meet the requirements of the industrial sector.<\/p>\n<\/div>\n\n\n\n<div class=\"wp-block-column is-layout-flow wp-block-column-is-layout-flow\" style=\"flex-basis:66.67%\">\n<ul class=\"wp-block-list\">\n<li><strong>On-site handling<\/strong> Our team will help you move and organise your goods in our warehouses.<\/li>\n\n\n\n<li><strong>Industrial vehicle hire<\/strong> Need to transport goods? We have on-site rental solutions.<\/li>\n\n\n\n<li><strong>Dedicated HGV parking<\/strong> Our facilities include secure parking spaces for HGV fleets.<\/li>\n\n\n\n<li><strong>Loading containers<\/strong> Simplify your operations with our specialised loading and shipping services.<\/li>\n\n\n\n<li><strong>Transport planning and organisation<\/strong> Transport logistics: Boissier SA handles transport logistics for both local and international deliveries.<\/li>\n\n\n\n<li><strong>Industrial packaging<\/strong> We offer customised packaging solutions, including crating for sea and air freight.<\/li>\n<\/ul>\n<\/div>\n<\/div>\n\n\n\n<figure class=\"wp-block-gallery has-nested-images columns-3 is-cropped wp-block-gallery-2 is-layout-flex wp-block-gallery-is-layout-flex\">\n<figure class=\"wp-block-image size-large\"><a href=\"https:\/\/boissier-sa.com\/wp-content\/uploads\/2022\/06\/engins-manutention-elevateurs-et-nettoyeur-boissier-scaled.jpg\"><img loading=\"lazy\" decoding=\"async\" width=\"2560\" height=\"1920\" data-id=\"147\" src=\"https:\/\/boissier-sa.com\/wp-content\/uploads\/2022\/06\/engins-manutention-elevateurs-et-nettoyeur-boissier-scaled.jpg\" alt=\"\" class=\"wp-image-147\" srcset=\"https:\/\/boissier-sa.com\/wp-content\/uploads\/2022\/06\/engins-manutention-elevateurs-et-nettoyeur-boissier-scaled.jpg 2560w, https:\/\/boissier-sa.com\/wp-content\/uploads\/2022\/06\/engins-manutention-elevateurs-et-nettoyeur-boissier-300x225.jpg 300w, https:\/\/boissier-sa.com\/wp-content\/uploads\/2022\/06\/engins-manutention-elevateurs-et-nettoyeur-boissier-1024x768.jpg 1024w, https:\/\/boissier-sa.com\/wp-content\/uploads\/2022\/06\/engins-manutention-elevateurs-et-nettoyeur-boissier-768x576.jpg 768w, https:\/\/boissier-sa.com\/wp-content\/uploads\/2022\/06\/engins-manutention-elevateurs-et-nettoyeur-boissier-1536x1152.jpg 1536w, https:\/\/boissier-sa.com\/wp-content\/uploads\/2022\/06\/engins-manutention-elevateurs-et-nettoyeur-boissier-2048x1536.jpg 2048w, https:\/\/boissier-sa.com\/wp-content\/uploads\/2022\/06\/engins-manutention-elevateurs-et-nettoyeur-boissier-1020x765.jpg 1020w\" sizes=\"auto, (max-width: 2560px) 100vw, 2560px\" \/><\/a><\/figure>\n\n\n\n<figure class=\"wp-block-image size-large\"><a href=\"https:\/\/boissier-sa.com\/wp-content\/uploads\/2022\/06\/engins-manutention-elevateurs-boissier-scaled.jpg\"><img loading=\"lazy\" decoding=\"async\" width=\"2560\" height=\"1781\" data-id=\"146\" src=\"https:\/\/boissier-sa.com\/wp-content\/uploads\/2022\/06\/engins-manutention-elevateurs-boissier-scaled.jpg\" alt=\"\" class=\"wp-image-146\" srcset=\"https:\/\/boissier-sa.com\/wp-content\/uploads\/2022\/06\/engins-manutention-elevateurs-boissier-scaled.jpg 2560w, https:\/\/boissier-sa.com\/wp-content\/uploads\/2022\/06\/engins-manutention-elevateurs-boissier-300x209.jpg 300w, https:\/\/boissier-sa.com\/wp-content\/uploads\/2022\/06\/engins-manutention-elevateurs-boissier-1024x713.jpg 1024w, https:\/\/boissier-sa.com\/wp-content\/uploads\/2022\/06\/engins-manutention-elevateurs-boissier-768x534.jpg 768w, https:\/\/boissier-sa.com\/wp-content\/uploads\/2022\/06\/engins-manutention-elevateurs-boissier-1536x1069.jpg 1536w, https:\/\/boissier-sa.com\/wp-content\/uploads\/2022\/06\/engins-manutention-elevateurs-boissier-2048x1425.jpg 2048w, https:\/\/boissier-sa.com\/wp-content\/uploads\/2022\/06\/engins-manutention-elevateurs-boissier-1099x765.jpg 1099w\" sizes=\"auto, (max-width: 2560px) 100vw, 2560px\" \/><\/a><\/figure>\n\n\n\n<figure class=\"wp-block-image size-large\"><a href=\"https:\/\/boissier-sa.com\/wp-content\/uploads\/2022\/06\/citerne-stockage-exterieur-boissier-scaled.jpg\"><img loading=\"lazy\" decoding=\"async\" width=\"2560\" height=\"1898\" data-id=\"144\" src=\"https:\/\/boissier-sa.com\/wp-content\/uploads\/2022\/06\/citerne-stockage-exterieur-boissier-scaled.jpg\" alt=\"\" class=\"wp-image-144\" srcset=\"https:\/\/boissier-sa.com\/wp-content\/uploads\/2022\/06\/citerne-stockage-exterieur-boissier-scaled.jpg 2560w, https:\/\/boissier-sa.com\/wp-content\/uploads\/2022\/06\/citerne-stockage-exterieur-boissier-300x222.jpg 300w, https:\/\/boissier-sa.com\/wp-content\/uploads\/2022\/06\/citerne-stockage-exterieur-boissier-1024x759.jpg 1024w, https:\/\/boissier-sa.com\/wp-content\/uploads\/2022\/06\/citerne-stockage-exterieur-boissier-768x569.jpg 768w, https:\/\/boissier-sa.com\/wp-content\/uploads\/2022\/06\/citerne-stockage-exterieur-boissier-1536x1139.jpg 1536w, https:\/\/boissier-sa.com\/wp-content\/uploads\/2022\/06\/citerne-stockage-exterieur-boissier-2048x1518.jpg 2048w, https:\/\/boissier-sa.com\/wp-content\/uploads\/2022\/06\/citerne-stockage-exterieur-boissier-1032x765.jpg 1032w\" sizes=\"auto, (max-width: 2560px) 100vw, 2560px\" \/><\/a><\/figure>\n\n\n\n<figure class=\"wp-block-image size-large\"><a href=\"https:\/\/boissier-sa.com\/wp-content\/uploads\/2022\/06\/cuves-depart-brasserie-boissier-scaled.jpg\"><img loading=\"lazy\" decoding=\"async\" width=\"1920\" height=\"2560\" data-id=\"145\" src=\"https:\/\/boissier-sa.com\/wp-content\/uploads\/2022\/06\/cuves-depart-brasserie-boissier-scaled.jpg\" alt=\"\" class=\"wp-image-145\" srcset=\"https:\/\/boissier-sa.com\/wp-content\/uploads\/2022\/06\/cuves-depart-brasserie-boissier-scaled.jpg 1920w, https:\/\/boissier-sa.com\/wp-content\/uploads\/2022\/06\/cuves-depart-brasserie-boissier-225x300.jpg 225w, https:\/\/boissier-sa.com\/wp-content\/uploads\/2022\/06\/cuves-depart-brasserie-boissier-768x1024.jpg 768w, https:\/\/boissier-sa.com\/wp-content\/uploads\/2022\/06\/cuves-depart-brasserie-boissier-1152x1536.jpg 1152w, https:\/\/boissier-sa.com\/wp-content\/uploads\/2022\/06\/cuves-depart-brasserie-boissier-1536x2048.jpg 1536w, https:\/\/boissier-sa.com\/wp-content\/uploads\/2022\/06\/cuves-depart-brasserie-boissier-574x765.jpg 574w\" sizes=\"auto, (max-width: 1920px) 100vw, 1920px\" \/><\/a><\/figure>\n\n\n\n<figure class=\"wp-block-image size-large\"><a href=\"https:\/\/boissier-sa.com\/wp-content\/uploads\/2022\/06\/manutention-boissier-scaled.jpg\"><img loading=\"lazy\" decoding=\"async\" width=\"2560\" height=\"1920\" data-id=\"149\" src=\"https:\/\/boissier-sa.com\/wp-content\/uploads\/2022\/06\/manutention-boissier-scaled.jpg\" alt=\"\" class=\"wp-image-149\" srcset=\"https:\/\/boissier-sa.com\/wp-content\/uploads\/2022\/06\/manutention-boissier-scaled.jpg 2560w, https:\/\/boissier-sa.com\/wp-content\/uploads\/2022\/06\/manutention-boissier-300x225.jpg 300w, https:\/\/boissier-sa.com\/wp-content\/uploads\/2022\/06\/manutention-boissier-1024x768.jpg 1024w, https:\/\/boissier-sa.com\/wp-content\/uploads\/2022\/06\/manutention-boissier-768x576.jpg 768w, https:\/\/boissier-sa.com\/wp-content\/uploads\/2022\/06\/manutention-boissier-1536x1152.jpg 1536w, https:\/\/boissier-sa.com\/wp-content\/uploads\/2022\/06\/manutention-boissier-2048x1536.jpg 2048w, https:\/\/boissier-sa.com\/wp-content\/uploads\/2022\/06\/manutention-boissier-1020x765.jpg 1020w\" sizes=\"auto, (max-width: 2560px) 100vw, 2560px\" \/><\/a><\/figure>\n<\/figure>\n\n\n\n<h2 class=\"wp-block-heading alignwide has-text-align-center\">Why choose Boissier SA?<\/h2>\n\n\n\n<p>For almost a century, Boissier SA has been committed to offering <strong>storage and logistics solutions<\/strong> in the heart of the Centre-Val de Loire region. We adapt to the needs of each company, with a personalised service and local support. Our aim is to enable you to concentrate on developing your industrial activities, by relieving you of logistical constraints.<\/p>\n\n\n\n<p><strong>Contact us today<\/strong> to get a personalised quote and find out how we can help you optimise your storage and logistics operations.<\/p>\n\n\n\n<div class=\"wp-block-buttons is-content-justification-center is-layout-flex wp-container-core-buttons-is-layout-a89b3969 wp-block-buttons-is-layout-flex\">\n<div class=\"wp-block-button\"><a class=\"wp-block-button__link wp-element-button\" href=\"\/en\/nous-contacter\/\">Contact us<\/a><\/div>\n<\/div>","protected":false},"excerpt":{"rendered":"<p>Entreposez vos marchandises et d\u00e9veloppez vos projets industriels en toute s\u00e9r\u00e9nit\u00e9 avec Boissier SA, votre partenaire de confiance pour le stockage et la logistique industrielle depuis 1936. Entreprise familiale bas\u00e9e \u00e0 St-Jean de Braye, aux portes d&rsquo;Orl\u00e9ans, Boissier SA met \u00e0 disposition des solutions d&rsquo;entreposage adapt\u00e9es aux besoins des entreprises industrielles. Nos entrep\u00f4ts b\u00e9n\u00e9ficient d\u2019une [&hellip;]<\/p>\n","protected":false},"author":1,"featured_media":224,"parent":0,"menu_order":0,"comment_status":"closed","ping_status":"closed","template":"","meta":{"footnotes":""},"class_list":["post-7","page","type-page","status-publish","has-post-thumbnail","hentry"],"_links":{"self":[{"href":"https:\/\/boissier-sa.com\/en\/wp-json\/wp\/v2\/pages\/7","targetHints":{"allow":["GET"]}}],"collection":[{"href":"https:\/\/boissier-sa.com\/en\/wp-json\/wp\/v2\/pages"}],"about":[{"href":"https:\/\/boissier-sa.com\/en\/wp-json\/wp\/v2\/types\/page"}],"author":[{"embeddable":true,"href":"https:\/\/boissier-sa.com\/en\/wp-json\/wp\/v2\/users\/1"}],"replies":[{"embeddable":true,"href":"https:\/\/boissier-sa.com\/en\/wp-json\/wp\/v2\/comments?post=7"}],"version-history":[{"count":60,"href":"https:\/\/boissier-sa.com\/en\/wp-json\/wp\/v2\/pages\/7\/revisions"}],"predecessor-version":[{"id":330,"href":"https:\/\/boissier-sa.com\/en\/wp-json\/wp\/v2\/pages\/7\/revisions\/330"}],"wp:featuredmedia":[{"embeddable":true,"href":"https:\/\/boissier-sa.com\/en\/wp-json\/wp\/v2\/media\/224"}],"wp:attachment":[{"href":"https:\/\/boissier-sa.com\/en\/wp-json\/wp\/v2\/media?parent=7"}],"curies":[{"name":"wp","href":"https:\/\/api.w.org\/{rel}","templated":true}]}}